{"id":1448,"date":"2022-08-25T13:27:00","date_gmt":"2022-08-25T13:27:00","guid":{"rendered":"https:\/\/hifiveaudio.pt\/?page_id=1448"},"modified":"2023-10-02T14:52:35","modified_gmt":"2023-10-02T14:52:35","slug":"home-2","status":"publish","type":"page","link":"https:\/\/hifiveaudio.pt\/","title":{"rendered":"Home"},"content":{"rendered":"\t\t<div data-elementor-type=\"wp-page\" data-elementor-id=\"1448\" class=\"elementor elementor-1448\" data-elementor-post-type=\"page\">\n\t\t\t\t<div class=\"elementor-element elementor-element-588f930 e-con-full e-flex e-con e-parent\" data-id=\"588f930\" data-element_type=\"container\" data-e-type=\"container\" data-settings=\"{&quot;background_background&quot;:&quot;classic&quot;}\">\n\t\t<div class=\"elementor-element elementor-element-fcbcbab e-con-full e-flex e-con e-child\" data-id=\"fcbcbab\" data-element_type=\"container\" data-e-type=\"container\">\n\t\t\t\t<div class=\"elementor-element elementor-element-8e5db17 elementor-widget elementor-widget-spacer\" data-id=\"8e5db17\" data-element_type=\"widget\" data-e-type=\"widget\" data-widget_type=\"spacer.default\">\n\t\t\t\t<div class=\"elementor-widget-container\">\n\t\t\t\t\t\t\t<div class=\"elementor-spacer\">\n\t\t\t<div class=\"elementor-spacer-inner\"><\/div>\n\t\t<\/div>\n\t\t\t\t\t\t<\/div>\n\t\t\t\t<\/div>\n\t\t\t\t<div class=\"elementor-element elementor-element-f867a1b elementor-widget elementor-widget-text-editor\" data-id=\"f867a1b\" data-element_type=\"widget\" data-e-type=\"widget\" data-widget_type=\"text-editor.default\">\n\t\t\t\t<div class=\"elementor-widget-container\">\n\t\t\t\t\t\t\t\t\t<p>HI-FIVE Audio<\/p>\t\t\t\t\t\t\t\t<\/div>\n\t\t\t\t<\/div>\n\t\t\t\t<div class=\"elementor-element elementor-element-dc2e1ab elementor-widget__width-initial elementor-widget-tablet__width-initial elementor-widget elementor-widget-heading\" data-id=\"dc2e1ab\" data-element_type=\"widget\" data-e-type=\"widget\" data-widget_type=\"heading.default\">\n\t\t\t\t<div class=\"elementor-widget-container\">\n\t\t\t\t\t<h1 class=\"elementor-heading-title elementor-size-default\">Plataforma de divulga\u00e7\u00e3o de\n\nprodutos e servi\u00e7os portugueses\n\nde Alta-Fidelidade (Hi-Fi)<\/h1>\t\t\t\t<\/div>\n\t\t\t\t<\/div>\n\t\t\t\t<div class=\"elementor-element elementor-element-b311b70 elementor-widget elementor-widget-heading\" data-id=\"b311b70\" data-element_type=\"widget\" data-e-type=\"widget\" data-widget_type=\"heading.default\">\n\t\t\t\t<div class=\"elementor-widget-container\">\n\t\t\t\t\t<h2 class=\"elementor-heading-title elementor-size-default\">A excel\u00eancia do Hi-Fi em Portugal<\/h2>\t\t\t\t<\/div>\n\t\t\t\t<\/div>\n\t\t\t\t<\/div>\n\t\t<div class=\"elementor-element elementor-element-8c20fc5 e-con-full e-flex e-con e-child\" data-id=\"8c20fc5\" data-element_type=\"container\" data-e-type=\"container\">\n\t\t\t\t<div class=\"elementor-element elementor-element-8415c5e elementor-widget__width-initial elementor--h-position-center elementor--v-position-middle elementor-arrows-position-inside elementor-pagination-position-inside elementor-widget elementor-widget-slides\" data-id=\"8415c5e\" data-element_type=\"widget\" data-e-type=\"widget\" data-settings=\"{&quot;navigation&quot;:&quot;both&quot;,&quot;autoplay&quot;:&quot;yes&quot;,&quot;pause_on_hover&quot;:&quot;yes&quot;,&quot;pause_on_interaction&quot;:&quot;yes&quot;,&quot;autoplay_speed&quot;:5000,&quot;infinite&quot;:&quot;yes&quot;,&quot;transition&quot;:&quot;slide&quot;,&quot;transition_speed&quot;:500}\" data-widget_type=\"slides.default\">\n\t\t\t\t<div class=\"elementor-widget-container\">\n\t\t\t\t\t\t\t\t\t<div class=\"elementor-swiper\">\n\t\t\t\t\t<div class=\"elementor-slides-wrapper elementor-main-swiper swiper\" role=\"region\" aria-roledescription=\"carousel\" aria-label=\"Slides\" dir=\"ltr\" data-animation=\"fadeInUp\">\n\t\t\t\t<div class=\"swiper-wrapper elementor-slides\">\n\t\t\t\t\t\t\t\t\t\t<div class=\"elementor-repeater-item-dc8ee1f swiper-slide\" role=\"group\" aria-roledescription=\"slide\"><div class=\"swiper-slide-bg\" role=\"img\"><\/div><div class=\"swiper-slide-inner\" ><div class=\"swiper-slide-contents\"><div class=\"elementor-slide-description\">Escute o Som das Ondas<\/div><\/div><\/div><\/div><div class=\"elementor-repeater-item-9583e37 swiper-slide\" role=\"group\" aria-roledescription=\"slide\"><div class=\"swiper-slide-bg\" role=\"img\"><\/div><div class=\"swiper-slide-inner\" ><div class=\"swiper-slide-contents\"><div class=\"elementor-slide-description\">Escute o Som dos Condicionadores de Pot\u00eancia Audiotricity<\/div><\/div><\/div><\/div><div class=\"elementor-repeater-item-9b431c1 swiper-slide\" role=\"group\" aria-roledescription=\"slide\"><div class=\"swiper-slide-bg\" role=\"img\"><\/div><div class=\"swiper-slide-inner\" ><div class=\"swiper-slide-contents\"><div class=\"elementor-slide-description\">Escute o Som das Colunas Cinnamon Audio<\/div><\/div><\/div><\/div><div class=\"elementor-repeater-item-9b0ac34 swiper-slide\" role=\"group\" aria-roledescription=\"slide\"><div class=\"swiper-slide-bg\" role=\"img\"><\/div><div class=\"swiper-slide-inner\" ><div class=\"swiper-slide-contents\"><div class=\"elementor-slide-description\">Escute o Som dos Amplificadores JP<\/div><\/div><\/div><\/div><div class=\"elementor-repeater-item-f105eb6 swiper-slide\" role=\"group\" aria-roledescription=\"slide\"><div class=\"swiper-slide-bg\" role=\"img\"><\/div><div class=\"swiper-slide-inner\" ><div class=\"swiper-slide-contents\"><div class=\"elementor-slide-description\">Escute o Som dos Pr\u00e9-ampflicadores de gira-discos RMD Audio Design<\/div><\/div><\/div><\/div><div class=\"elementor-repeater-item-078f44c swiper-slide\" role=\"group\" aria-roledescription=\"slide\"><div class=\"swiper-slide-bg\" role=\"img\"><\/div><div class=\"swiper-slide-inner\" ><div class=\"swiper-slide-contents\"><div class=\"elementor-slide-description\">Escute o Som dos Gira-discos Rui Borges<\/div><\/div><\/div><\/div><div class=\"elementor-repeater-item-1a3df23 swiper-slide\" role=\"group\" aria-roledescription=\"slide\"><div class=\"swiper-slide-bg\" role=\"img\"><\/div><div class=\"swiper-slide-inner\" ><div class=\"swiper-slide-contents\"><div class=\"elementor-slide-description\">Escute o Som dos Cabos ZDL<\/div><\/div><\/div><\/div>\t\t\t\t<\/div>\n\t\t\t\t\t\t\t\t\t\t\t\t\t\t\t<div class=\"elementor-swiper-button elementor-swiper-button-prev\" role=\"button\" tabindex=\"0\" aria-label=\"Previous slide\">\n\t\t\t\t\t\t\t<i aria-hidden=\"true\" class=\"eicon-chevron-left\"><\/i>\t\t\t\t\t\t<\/div>\n\t\t\t\t\t\t<div class=\"elementor-swiper-button elementor-swiper-button-next\" role=\"button\" tabindex=\"0\" aria-label=\"Next slide\">\n\t\t\t\t\t\t\t<i aria-hidden=\"true\" class=\"eicon-chevron-right\"><\/i>\t\t\t\t\t\t<\/div>\n\t\t\t\t\t\t\t\t\t\t\t\t\t\t\t\t<div class=\"swiper-pagination\"><\/div>\n\t\t\t\t\t\t\t\t\t\t\t\t<\/div>\n\t\t\t\t<\/div>\n\t\t\t\t\t\t\t\t<\/div>\n\t\t\t\t<\/div>\n\t\t\t\t<\/div>\n\t\t\t\t<\/div>\n\t\t<div class=\"elementor-element elementor-element-dae8fc6 e-flex e-con-boxed e-con e-parent\" data-id=\"dae8fc6\" data-element_type=\"container\" data-e-type=\"container\">\n\t\t\t\t\t<div class=\"e-con-inner\">\n\t\t\t\t<div class=\"elementor-element elementor-element-17563f9 elementor-widget elementor-widget-spacer\" data-id=\"17563f9\" data-element_type=\"widget\" data-e-type=\"widget\" data-widget_type=\"spacer.default\">\n\t\t\t\t<div class=\"elementor-widget-container\">\n\t\t\t\t\t\t\t<div class=\"elementor-spacer\">\n\t\t\t<div class=\"elementor-spacer-inner\"><\/div>\n\t\t<\/div>\n\t\t\t\t\t\t<\/div>\n\t\t\t\t<\/div>\n\t\t\t\t\t<\/div>\n\t\t\t\t<\/div>\n\t\t<div class=\"elementor-element elementor-element-eb49a24 e-con-full e-flex e-con e-parent\" data-id=\"eb49a24\" data-element_type=\"container\" data-e-type=\"container\" data-settings=\"{&quot;background_background&quot;:&quot;classic&quot;}\">\n\t\t\t\t<div class=\"elementor-element elementor-element-501ec4a elementor-widget__width-initial elementor-position-top elementor-widget elementor-widget-image-box\" data-id=\"501ec4a\" data-element_type=\"widget\" data-e-type=\"widget\" data-widget_type=\"image-box.default\">\n\t\t\t\t<div class=\"elementor-widget-container\">\n\t\t\t\t\t<div class=\"elementor-image-box-wrapper\"><figure class=\"elementor-image-box-img\"><a href=\"https:\/\/hifiveaudio.pt\/?page_id=3437\" tabindex=\"-1\"><img fetchpriority=\"high\" decoding=\"async\" width=\"768\" height=\"384\" src=\"https:\/\/hifiveaudio.pt\/wp-content\/uploads\/2023\/07\/JP-Vir2-LR1-768x384.jpg\" class=\"elementor-animation-grow attachment-medium_large size-medium_large wp-image-3609\" alt=\"\" srcset=\"https:\/\/hifiveaudio.pt\/wp-content\/uploads\/2023\/07\/JP-Vir2-LR1-768x384.jpg 768w, https:\/\/hifiveaudio.pt\/wp-content\/uploads\/2023\/07\/JP-Vir2-LR1-300x150.jpg 300w, https:\/\/hifiveaudio.pt\/wp-content\/uploads\/2023\/07\/JP-Vir2-LR1-1024x512.jpg 1024w, https:\/\/hifiveaudio.pt\/wp-content\/uploads\/2023\/07\/JP-Vir2-LR1-1536x768.jpg 1536w, https:\/\/hifiveaudio.pt\/wp-content\/uploads\/2023\/07\/JP-Vir2-LR1.jpg 2048w\" sizes=\"(max-width: 768px) 100vw, 768px\" \/><\/a><\/figure><div class=\"elementor-image-box-content\"><h3 class=\"elementor-image-box-title\"><a href=\"https:\/\/hifiveaudio.pt\/?page_id=3437\">JP Amplifiers<\/a><\/h3><p class=\"elementor-image-box-description\">Amplificadores e Pr\u00e9-amplificadores a v\u00e1lvulas |  Pr\u00e9-amplificadores de gira-discos a v\u00e1lvulas <\/p><\/div><\/div>\t\t\t\t<\/div>\n\t\t\t\t<\/div>\n\t\t\t\t<div class=\"elementor-element elementor-element-e60f754 elementor-widget__width-initial elementor-position-top elementor-widget elementor-widget-image-box\" data-id=\"e60f754\" data-element_type=\"widget\" data-e-type=\"widget\" data-widget_type=\"image-box.default\">\n\t\t\t\t<div class=\"elementor-widget-container\">\n\t\t\t\t\t<div class=\"elementor-image-box-wrapper\"><figure class=\"elementor-image-box-img\"><a href=\"https:\/\/hifiveaudio.pt\/?page_id=4037\" tabindex=\"-1\"><img decoding=\"async\" width=\"768\" height=\"384\" src=\"https:\/\/hifiveaudio.pt\/wp-content\/uploads\/2023\/08\/CIN-CASS-2-LR1-768x384.jpg\" class=\"elementor-animation-grow attachment-medium_large size-medium_large wp-image-4071\" alt=\"\" srcset=\"https:\/\/hifiveaudio.pt\/wp-content\/uploads\/2023\/08\/CIN-CASS-2-LR1-768x384.jpg 768w, https:\/\/hifiveaudio.pt\/wp-content\/uploads\/2023\/08\/CIN-CASS-2-LR1-300x150.jpg 300w, https:\/\/hifiveaudio.pt\/wp-content\/uploads\/2023\/08\/CIN-CASS-2-LR1-1024x512.jpg 1024w, https:\/\/hifiveaudio.pt\/wp-content\/uploads\/2023\/08\/CIN-CASS-2-LR1-1536x768.jpg 1536w, https:\/\/hifiveaudio.pt\/wp-content\/uploads\/2023\/08\/CIN-CASS-2-LR1.jpg 2048w\" sizes=\"(max-width: 768px) 100vw, 768px\" \/><\/a><\/figure><div class=\"elementor-image-box-content\"><h3 class=\"elementor-image-box-title\"><a href=\"https:\/\/hifiveaudio.pt\/?page_id=4037\">Cinnamon Audio<\/a><\/h3><p class=\"elementor-image-box-description\">Colunas \"Open Baffle\"  |\nDigital Network e DAC <\/p><\/div><\/div>\t\t\t\t<\/div>\n\t\t\t\t<\/div>\n\t\t\t\t<div class=\"elementor-element elementor-element-f08d37a elementor-widget__width-initial elementor-position-top elementor-widget elementor-widget-image-box\" data-id=\"f08d37a\" data-element_type=\"widget\" data-e-type=\"widget\" data-widget_type=\"image-box.default\">\n\t\t\t\t<div class=\"elementor-widget-container\">\n\t\t\t\t\t<div class=\"elementor-image-box-wrapper\"><figure class=\"elementor-image-box-img\"><a href=\"https:\/\/hifiveaudio.pt\/?page_id=3189\" tabindex=\"-1\"><img decoding=\"async\" width=\"768\" height=\"384\" src=\"https:\/\/hifiveaudio.pt\/wp-content\/uploads\/2023\/07\/AU-Chi1-LR1-768x384.jpg\" class=\"elementor-animation-grow attachment-medium_large size-medium_large wp-image-3664\" alt=\"\" srcset=\"https:\/\/hifiveaudio.pt\/wp-content\/uploads\/2023\/07\/AU-Chi1-LR1-768x384.jpg 768w, https:\/\/hifiveaudio.pt\/wp-content\/uploads\/2023\/07\/AU-Chi1-LR1-300x150.jpg 300w, https:\/\/hifiveaudio.pt\/wp-content\/uploads\/2023\/07\/AU-Chi1-LR1-1024x512.jpg 1024w, https:\/\/hifiveaudio.pt\/wp-content\/uploads\/2023\/07\/AU-Chi1-LR1-1536x768.jpg 1536w, https:\/\/hifiveaudio.pt\/wp-content\/uploads\/2023\/07\/AU-Chi1-LR1.jpg 2048w\" sizes=\"(max-width: 768px) 100vw, 768px\" \/><\/a><\/figure><div class=\"elementor-image-box-content\"><h3 class=\"elementor-image-box-title\"><a href=\"https:\/\/hifiveaudio.pt\/?page_id=3189\">Audiotricity<\/a><\/h3><p class=\"elementor-image-box-description\">Condicionadores de Pot\u00eancia  |\nCabos de Pot\u00eancia<\/p><\/div><\/div>\t\t\t\t<\/div>\n\t\t\t\t<\/div>\n\t\t\t\t<\/div>\n\t\t<div class=\"elementor-element elementor-element-b2f95b8 e-con-full e-flex e-con e-parent\" data-id=\"b2f95b8\" data-element_type=\"container\" data-e-type=\"container\" data-settings=\"{&quot;background_background&quot;:&quot;classic&quot;}\">\n\t\t\t\t<div class=\"elementor-element elementor-element-199a390 elementor-widget__width-initial elementor-position-top elementor-widget elementor-widget-image-box\" data-id=\"199a390\" data-element_type=\"widget\" data-e-type=\"widget\" data-widget_type=\"image-box.default\">\n\t\t\t\t<div class=\"elementor-widget-container\">\n\t\t\t\t\t<div class=\"elementor-image-box-wrapper\"><figure class=\"elementor-image-box-img\"><a href=\"https:\/\/hifiveaudio.pt\/?page_id=2104\" tabindex=\"-1\"><img loading=\"lazy\" decoding=\"async\" width=\"768\" height=\"384\" src=\"https:\/\/hifiveaudio.pt\/wp-content\/uploads\/2023\/07\/ZDL-Vibr-LR1-1-1-1-1-1-768x384.jpg\" class=\"elementor-animation-grow attachment-medium_large size-medium_large wp-image-3709\" alt=\"\" srcset=\"https:\/\/hifiveaudio.pt\/wp-content\/uploads\/2023\/07\/ZDL-Vibr-LR1-1-1-1-1-1-768x384.jpg 768w, https:\/\/hifiveaudio.pt\/wp-content\/uploads\/2023\/07\/ZDL-Vibr-LR1-1-1-1-1-1-300x150.jpg 300w, https:\/\/hifiveaudio.pt\/wp-content\/uploads\/2023\/07\/ZDL-Vibr-LR1-1-1-1-1-1-1024x512.jpg 1024w, https:\/\/hifiveaudio.pt\/wp-content\/uploads\/2023\/07\/ZDL-Vibr-LR1-1-1-1-1-1-1536x768.jpg 1536w, https:\/\/hifiveaudio.pt\/wp-content\/uploads\/2023\/07\/ZDL-Vibr-LR1-1-1-1-1-1.jpg 2048w\" sizes=\"(max-width: 768px) 100vw, 768px\" \/><\/a><\/figure><div class=\"elementor-image-box-content\"><h3 class=\"elementor-image-box-title\"><a href=\"https:\/\/hifiveaudio.pt\/?page_id=2104\">ZDL Audio Cables<\/a><\/h3><p class=\"elementor-image-box-description\">Cabos Audio | Cabos de Pot\u00eancia<\/p><\/div><\/div>\t\t\t\t<\/div>\n\t\t\t\t<\/div>\n\t\t\t\t<div class=\"elementor-element elementor-element-e91948e elementor-widget__width-initial elementor-position-top elementor-widget elementor-widget-image-box\" data-id=\"e91948e\" data-element_type=\"widget\" data-e-type=\"widget\" data-widget_type=\"image-box.default\">\n\t\t\t\t<div class=\"elementor-widget-container\">\n\t\t\t\t\t<div class=\"elementor-image-box-wrapper\"><figure class=\"elementor-image-box-img\"><a href=\"https:\/\/hifiveaudio.pt\/?page_id=2287\" tabindex=\"-1\"><img loading=\"lazy\" decoding=\"async\" width=\"768\" height=\"384\" src=\"https:\/\/hifiveaudio.pt\/wp-content\/uploads\/2023\/07\/RB-Uno1-LR1-768x384.jpg\" class=\"elementor-animation-grow attachment-medium_large size-medium_large wp-image-3578\" alt=\"\" srcset=\"https:\/\/hifiveaudio.pt\/wp-content\/uploads\/2023\/07\/RB-Uno1-LR1-768x384.jpg 768w, https:\/\/hifiveaudio.pt\/wp-content\/uploads\/2023\/07\/RB-Uno1-LR1-300x150.jpg 300w, https:\/\/hifiveaudio.pt\/wp-content\/uploads\/2023\/07\/RB-Uno1-LR1-1024x512.jpg 1024w, https:\/\/hifiveaudio.pt\/wp-content\/uploads\/2023\/07\/RB-Uno1-LR1-1536x768.jpg 1536w, https:\/\/hifiveaudio.pt\/wp-content\/uploads\/2023\/07\/RB-Uno1-LR1.jpg 2048w\" sizes=\"(max-width: 768px) 100vw, 768px\" \/><\/a><\/figure><div class=\"elementor-image-box-content\"><h3 class=\"elementor-image-box-title\"><a href=\"https:\/\/hifiveaudio.pt\/?page_id=2287\">Rui Borges Turntables<\/a><\/h3><p class=\"elementor-image-box-description\">Gira-discos<\/p><\/div><\/div>\t\t\t\t<\/div>\n\t\t\t\t<\/div>\n\t\t\t\t<div class=\"elementor-element elementor-element-c3dee30 elementor-widget__width-initial elementor-position-top elementor-widget elementor-widget-image-box\" data-id=\"c3dee30\" data-element_type=\"widget\" data-e-type=\"widget\" data-widget_type=\"image-box.default\">\n\t\t\t\t<div class=\"elementor-widget-container\">\n\t\t\t\t\t<div class=\"elementor-image-box-wrapper\"><figure class=\"elementor-image-box-img\"><a href=\"https:\/\/hifiveaudio.pt\/?page_id=3970\" tabindex=\"-1\"><img loading=\"lazy\" decoding=\"async\" width=\"768\" height=\"380\" src=\"https:\/\/hifiveaudio.pt\/wp-content\/uploads\/2023\/07\/PH-2-2-768x380.png\" class=\"elementor-animation-grow attachment-medium_large size-medium_large wp-image-3972\" alt=\"\" srcset=\"https:\/\/hifiveaudio.pt\/wp-content\/uploads\/2023\/07\/PH-2-2-768x380.png 768w, https:\/\/hifiveaudio.pt\/wp-content\/uploads\/2023\/07\/PH-2-2-300x148.png 300w, https:\/\/hifiveaudio.pt\/wp-content\/uploads\/2023\/07\/PH-2-2.png 990w\" sizes=\"(max-width: 768px) 100vw, 768px\" \/><\/a><\/figure><div class=\"elementor-image-box-content\"><h3 class=\"elementor-image-box-title\"><a href=\"https:\/\/hifiveaudio.pt\/?page_id=3970\">RMD Audio Design<\/a><\/h3><p class=\"elementor-image-box-description\">Pr\u00e9-amplificadores de gira-discos |  Pr\u00e9-amplificadores de Gravadores<\/p><\/div><\/div>\t\t\t\t<\/div>\n\t\t\t\t<\/div>\n\t\t\t\t<\/div>\n\t\t\t\t<\/div>\n\t\t","protected":false},"excerpt":{"rendered":"<p>HI-FIVE Audio Plataforma de divulga\u00e7\u00e3o de produtos e servi\u00e7os portugueses de Alta-Fidelidade (Hi-Fi) A excel\u00eancia do Hi-Fi em Portugal Escute o Som das OndasEscute o Som dos Condicionadores de Pot\u00eancia AudiotricityEscute o Som das Colunas Cinnamon AudioEscute o Som dos Amplificadores JPEscute o Som dos Pr\u00e9-ampflicadores de gira-discos RMD Audio DesignEscute o Som dos Gira-discos [&hellip;]<\/p>\n","protected":false},"author":1,"featured_media":0,"parent":0,"menu_order":0,"comment_status":"closed","ping_status":"closed","template":"","meta":{"site-sidebar-layout":"no-sidebar","site-content-layout":"page-builder","ast-site-content-layout":"","site-content-style":"default","site-sidebar-style":"default","ast-global-header-display":"","ast-banner-title-visibility":"","ast-main-header-display":"","ast-hfb-above-header-display":"","ast-hfb-below-header-display":"","ast-hfb-mobile-header-display":"","site-post-title":"disabled","ast-breadcrumbs-content":"","ast-featured-img":"disabled","footer-sml-layout":"","theme-transparent-header-meta":"enabled","adv-header-id-meta":"","stick-header-meta":"","header-above-stick-meta":"","header-main-stick-meta":"","header-below-stick-meta":"","astra-migrate-meta-layouts":"default","ast-page-background-enabled":"default","ast-page-background-meta":{"desktop":{"background-color":"var(--ast-global-color-4)","background-image":"","background-repeat":"repeat","background-position":"center center","background-size":"auto","background-attachment":"scroll","background-type":"","background-media":"","overlay-type":"","overlay-color":"","overlay-gradient":""},"tablet":{"background-color":"","background-image":"","background-repeat":"repeat","background-position":"center center","background-size":"auto","background-attachment":"scroll","background-type":"","background-media":"","overlay-type":"","overlay-color":"","overlay-gradient":""},"mobile":{"background-color":"","background-image":"","background-repeat":"repeat","background-position":"center center","background-size":"auto","background-attachment":"scroll","background-type":"","background-media":"","overlay-type":"","overlay-color":"","overlay-gradient":""}},"ast-content-background-meta":{"desktop":{"background-color":"var(--ast-global-color-5)","background-image":"","background-repeat":"repeat","background-position":"center center","background-size":"auto","background-attachment":"scroll","background-type":"","background-media":"","overlay-type":"","overlay-color":"","overlay-gradient":""},"tablet":{"background-color":"var(--ast-global-color-5)","background-image":"","background-repeat":"repeat","background-position":"center center","background-size":"auto","background-attachment":"scroll","background-type":"","background-media":"","overlay-type":"","overlay-color":"","overlay-gradient":""},"mobile":{"background-color":"var(--ast-global-color-5)","background-image":"","background-repeat":"repeat","background-position":"center center","background-size":"auto","background-attachment":"scroll","background-type":"","background-media":"","overlay-type":"","overlay-color":"","overlay-gradient":""}},"footnotes":""},"class_list":["post-1448","page","type-page","status-publish","hentry"],"aioseo_notices":[],"_links":{"self":[{"href":"https:\/\/hifiveaudio.pt\/index.php?rest_route=\/wp\/v2\/pages\/1448","targetHints":{"allow":["GET"]}}],"collection":[{"href":"https:\/\/hifiveaudio.pt\/index.php?rest_route=\/wp\/v2\/pages"}],"about":[{"href":"https:\/\/hifiveaudio.pt\/index.php?rest_route=\/wp\/v2\/types\/page"}],"author":[{"embeddable":true,"href":"https:\/\/hifiveaudio.pt\/index.php?rest_route=\/wp\/v2\/users\/1"}],"replies":[{"embeddable":true,"href":"https:\/\/hifiveaudio.pt\/index.php?rest_route=%2Fwp%2Fv2%2Fcomments&post=1448"}],"version-history":[{"count":470,"href":"https:\/\/hifiveaudio.pt\/index.php?rest_route=\/wp\/v2\/pages\/1448\/revisions"}],"predecessor-version":[{"id":4642,"href":"https:\/\/hifiveaudio.pt\/index.php?rest_route=\/wp\/v2\/pages\/1448\/revisions\/4642"}],"wp:attachment":[{"href":"https:\/\/hifiveaudio.pt\/index.php?rest_route=%2Fwp%2Fv2%2Fmedia&parent=1448"}],"curies":[{"name":"wp","href":"https:\/\/api.w.org\/{rel}","templated":true}]}}